{"id":10,"date":"2022-12-21T09:38:04","date_gmt":"2022-12-21T08:38:04","guid":{"rendered":"https:\/\/handbikegarage.it\/?page_id=10"},"modified":"2025-04-30T11:55:13","modified_gmt":"2025-04-30T09:55:13","slug":"chi-siamo","status":"publish","type":"page","link":"https:\/\/handbikegarage.it\/en\/chi-siamo\/","title":{"rendered":"who we are"},"content":{"rendered":"<p>[et_pb_section fb_built=&#8221;1&#8243; admin_label=&#8221;section&#8221; _builder_version=&#8221;4.16&#8243; global_colors_info=&#8221;{}&#8221;][et_pb_row admin_label=&#8221;row&#8221; _builder_version=&#8221;4.16&#8243; background_size=&#8221;initial&#8221; background_position=&#8221;top_left&#8221; background_repeat=&#8221;repeat&#8221; global_colors_info=&#8221;{}&#8221;][et_pb_column type=&#8221;4_4&#8243; _builder_version=&#8221;4.16&#8243; custom_padding=&#8221;|||&#8221; global_colors_info=&#8221;{}&#8221; custom_padding__hover=&#8221;|||&#8221;][et_pb_text admin_label=&#8221;Text&#8221; _builder_version=&#8221;4.19.4&#8243; background_size=&#8221;initial&#8221; background_position=&#8221;top_left&#8221; background_repeat=&#8221;repeat&#8221; hover_enabled=&#8221;0&#8243; global_colors_info=&#8221;{}&#8221; sticky_enabled=&#8221;0&#8243;]<\/p>\n<p>Chi Siamo<\/p>\n<p style=\"text-align: center;\">handbikegarage \u00e8 una piccola realt\u00e0 artigiana. Il telaio, cos\u00ec come i motori sono costruiti in Italia.<\/p>\n<p style=\"text-align: center;\"><img loading=\"lazy\" decoding=\"async\" class=\"alignnone wp-image-112 size-full\" src=\"https:\/\/handbikegarage.it\/wp-content\/uploads\/2022\/12\/20220926_150335.jpg\" alt=\"\" width=\"2560\" height=\"1152\" srcset=\"https:\/\/handbikegarage.it\/wp-content\/uploads\/2022\/12\/20220926_150335.jpg 2560w, https:\/\/handbikegarage.it\/wp-content\/uploads\/2022\/12\/20220926_150335-1280x576.jpg 1280w, https:\/\/handbikegarage.it\/wp-content\/uploads\/2022\/12\/20220926_150335-980x441.jpg 980w, https:\/\/handbikegarage.it\/wp-content\/uploads\/2022\/12\/20220926_150335-480x216.jpg 480w\" sizes=\"auto, (min-width: 0px) and (max-width: 480px) 480px, (min-width: 481px) and (max-width: 980px) 980px, (min-width: 981px) and (max-width: 1280px) 1280px, (min-width: 1281px) 2560px, 100vw\" \/><\/p>\n<p>Durante la progettazione ci siamo preoccupati della &#8220;riparabilit\u00e0&#8221; del nostro prodotto. Ecco quindi che le ruote sono di commercio, con sistemi di fissaggio standard. Il cambio e i freni possono essere revisionati facilmente durante la manutenzione ordinaria, oppure presso il tuo riparatore di fiducia.\u00a0<\/p>\n<p><img loading=\"lazy\" decoding=\"async\" class=\"size-medium wp-image-88 aligncenter\" src=\"https:\/\/handbikegarage.it\/wp-content\/uploads\/2022\/12\/20220926_150447-300x202.jpg\" alt=\"\" width=\"300\" height=\"202\" \/><\/p>\n<p style=\"text-align: center;\">Le parti di telaio, la forcella, le manopole di spinta e le altre componenti da noi costruite, in caso di rottura, saranno gestite da noi personalmente. In questo modo la vostra handbike sar\u00e0 sempre pronta per le vostre uscite.<\/p>\n<p>[\/et_pb_text][\/et_pb_column][\/et_pb_row][\/et_pb_section]<\/p>\n","protected":false},"excerpt":{"rendered":"<p>Chi Siamo handbikegarage \u00e8 una piccola realt\u00e0 artigiana. Il telaio, cos\u00ec come i motori sono costruiti in Italia. Durante la progettazione ci siamo preoccupati della &#8220;riparabilit\u00e0&#8221; del nostro prodotto. Ecco quindi che le ruote sono di commercio, con sistemi di fissaggio standard. Il cambio e i freni possono essere revisionati facilmente durante la manutenzione ordinaria, [&hellip;]<\/p>\n","protected":false},"author":1,"featured_media":0,"parent":0,"menu_order":0,"comment_status":"closed","ping_status":"closed","template":"","meta":{"_et_pb_use_builder":"on","_et_pb_old_content":"<p style=\"text-align: center;\">handbikegarage \u00e8 una piccola realt\u00e0 artigiana. Il telaio, cos\u00ec come i motori sono costruiti in Italia.<\/p>\r\n<p style=\"text-align: center;\"><img class=\"alignnone wp-image-112 size-full\" src=\"https:\/\/handbikegarage.it\/wp-content\/uploads\/2022\/12\/20220926_150335.jpg\" alt=\"\" width=\"2560\" height=\"1152\" \/><\/p>\r\nDurante la progettazione ci siamo preoccupati della \"riparabilit\u00e0\" del nostro prodotto. Ecco quindi che le ruote sono di commercio, con sistemi di fissaggio standard, reperibili facilmente. Il cambio e i freni possono essere revisionati facilmente durante la manutenzione ordinaria, oppure presso il tuo riparatore di fiducia. Il motore, in caso di anomalia vi verr\u00e0 sostituito in breve tempo. Dovrete solo rendere il motore non funzionante che, verr\u00e0 consegnato al produttore. Egli provveder\u00e0 a rigenerarlo pari al nuovo per poi essere riutilizzato.\r\n\r\n<img class=\"size-medium wp-image-88 aligncenter\" src=\"https:\/\/handbikegarage.it\/wp-content\/uploads\/2022\/12\/20220926_150447-300x202.jpg\" alt=\"\" width=\"300\" height=\"202\" \/>\r\n<p style=\"text-align: center;\">Le parti di telaio, la forcella, le manopole di spinta e le altre componenti da noi costruite, in caso di rottura, saranno gestite da noi personalmente. In questo modo la vostra handbike sar\u00e0 sempre pronta per le vostre uscite.<\/p>","_et_gb_content_width":"","footnotes":""},"class_list":["post-10","page","type-page","status-publish","hentry"],"_links":{"self":[{"href":"https:\/\/handbikegarage.it\/en\/wp-json\/wp\/v2\/pages\/10","targetHints":{"allow":["GET"]}}],"collection":[{"href":"https:\/\/handbikegarage.it\/en\/wp-json\/wp\/v2\/pages"}],"about":[{"href":"https:\/\/handbikegarage.it\/en\/wp-json\/wp\/v2\/types\/page"}],"author":[{"embeddable":true,"href":"https:\/\/handbikegarage.it\/en\/wp-json\/wp\/v2\/users\/1"}],"replies":[{"embeddable":true,"href":"https:\/\/handbikegarage.it\/en\/wp-json\/wp\/v2\/comments?post=10"}],"version-history":[{"count":16,"href":"https:\/\/handbikegarage.it\/en\/wp-json\/wp\/v2\/pages\/10\/revisions"}],"predecessor-version":[{"id":1188,"href":"https:\/\/handbikegarage.it\/en\/wp-json\/wp\/v2\/pages\/10\/revisions\/1188"}],"wp:attachment":[{"href":"https:\/\/handbikegarage.it\/en\/wp-json\/wp\/v2\/media?parent=10"}],"curies":[{"name":"wp","href":"https:\/\/api.w.org\/{rel}","templated":true}]}}